{"id":409,"date":"2025-01-05T16:14:10","date_gmt":"2025-01-05T16:14:10","guid":{"rendered":"https:\/\/www.kusysuchan.pl\/?page_id=409"},"modified":"2026-01-26T13:22:33","modified_gmt":"2026-01-26T13:22:33","slug":"mistrzostwa-regionu","status":"publish","type":"page","link":"https:\/\/www.kusysuchan.pl\/index.php\/mistrzostwa-regionu\/","title":{"rendered":"Mistrzostwa Regionu"},"content":{"rendered":"\n<p class=\"has-text-align-center\"><strong>Mistrzostwa Regionu w Unihokeju Dziewcz\u0105t w ramach Igrzysk Dzieci<\/strong><br><\/p>\n\n\n\n<p class=\"has-text-align-center\"><strong>Mistrzostwa Regionu w Unihokeju Dziewcz\u0105t w ramach Igrzysk M\u0142odzie\u017cy Szkolnej<\/strong><\/p>\n\n\n\n<p><\/p>\n\n\n\n<p class=\"has-text-align-center\"><strong>Mistrzostwa Regionu w Unihokeju Dziewcz\u0105t w ramach Gimnazjady<\/strong><\/p>\n\n\n\n<p><\/p>\n","protected":false},"excerpt":{"rendered":"<p>Mistrzostwa Regionu w Unihokeju Dziewcz\u0105t w ramach Igrzysk Dzieci Mistrzostwa Regionu w Unihokeju Dziewcz\u0105t w ramach Igrzysk M\u0142odzie\u017cy Szkolnej Mistrzostwa Regionu w Unihokeju Dziewcz\u0105t w ramach Gimnazjady<\/p>\n","protected":false},"author":1,"featured_media":0,"parent":0,"menu_order":0,"comment_status":"closed","ping_status":"closed","template":"","meta":{"neve_meta_sidebar":"","neve_meta_container":"","neve_meta_enable_content_width":"","neve_meta_content_width":0,"neve_meta_title_alignment":"","neve_meta_author_avatar":"","neve_post_elements_order":"","neve_meta_disable_header":"","neve_meta_disable_footer":"","neve_meta_disable_title":"","footnotes":""},"class_list":["post-409","page","type-page","status-publish","hentry"],"_links":{"self":[{"href":"https:\/\/www.kusysuchan.pl\/index.php\/wp-json\/wp\/v2\/pages\/409","targetHints":{"allow":["GET"]}}],"collection":[{"href":"https:\/\/www.kusysuchan.pl\/index.php\/wp-json\/wp\/v2\/pages"}],"about":[{"href":"https:\/\/www.kusysuchan.pl\/index.php\/wp-json\/wp\/v2\/types\/page"}],"author":[{"embeddable":true,"href":"https:\/\/www.kusysuchan.pl\/index.php\/wp-json\/wp\/v2\/users\/1"}],"replies":[{"embeddable":true,"href":"https:\/\/www.kusysuchan.pl\/index.php\/wp-json\/wp\/v2\/comments?post=409"}],"version-history":[{"count":3,"href":"https:\/\/www.kusysuchan.pl\/index.php\/wp-json\/wp\/v2\/pages\/409\/revisions"}],"predecessor-version":[{"id":694,"href":"https:\/\/www.kusysuchan.pl\/index.php\/wp-json\/wp\/v2\/pages\/409\/revisions\/694"}],"wp:attachment":[{"href":"https:\/\/www.kusysuchan.pl\/index.php\/wp-json\/wp\/v2\/media?parent=409"}],"curies":[{"name":"wp","href":"https:\/\/api.w.org\/{rel}","templated":true}]}}