{"id":390,"date":"2025-01-05T15:50:13","date_gmt":"2025-01-05T15:50:13","guid":{"rendered":"https:\/\/www.kusysuchan.pl\/?page_id=390"},"modified":"2026-01-26T12:52:40","modified_gmt":"2026-01-26T12:52:40","slug":"suchan-floorball-cup","status":"publish","type":"page","link":"https:\/\/www.kusysuchan.pl\/index.php\/suchan-floorball-cup\/","title":{"rendered":"Sucha\u0144 Floorball Cup"},"content":{"rendered":"<div class=\"wp-block-image\">\n<figure class=\"aligncenter size-full is-resized\"><a href=\"https:\/\/photos.app.goo.gl\/JBTMo8xPTeTDvBJA7\"><img loading=\"lazy\" decoding=\"async\" width=\"1280\" height=\"960\" src=\"https:\/\/www.kusysuchan.pl\/wp-content\/uploads\/2025\/11\/IMG-20251115-WA0022.jpg\" alt=\"\" class=\"wp-image-621\" style=\"aspect-ratio:1.3333488350462726;width:136px;height:auto\"\/><\/a><figcaption class=\"wp-element-caption\"><strong><a href=\"https:\/\/photos.app.goo.gl\/JBTMo8xPTeTDvBJA7\"><mark style=\"background-color:rgba(0, 0, 0, 0)\" class=\"has-inline-color has-neve-link-hover-color-color\">VII Sucha\u0144 Floorball Cup [klik]<\/mark><\/a><\/strong><\/figcaption><\/figure>\n<\/div>\n\n\n<p class=\"has-text-align-center\"> <a href=\"https:\/\/photos.app.goo.gl\/DT2i87i6otZVtgka7\"><img loading=\"lazy\" decoding=\"async\" width=\"150\" height=\"78\" class=\"wp-image-439\" style=\"width: 150px;\" src=\"https:\/\/www.kusysuchan.pl\/wp-content\/uploads\/2025\/01\/6floorballcup.jpg\" alt=\"\" srcset=\"https:\/\/www.kusysuchan.pl\/wp-content\/uploads\/2025\/01\/6floorballcup.jpg 800w, https:\/\/www.kusysuchan.pl\/wp-content\/uploads\/2025\/01\/6floorballcup-300x155.jpg 300w, https:\/\/www.kusysuchan.pl\/wp-content\/uploads\/2025\/01\/6floorballcup-768x397.jpg 768w\" sizes=\"auto, (max-width: 150px) 100vw, 150px\" \/><br><strong>VI Sucha\u0144 Floorball Cup [klik]<\/strong><\/a><\/p>\n\n\n\n<p class=\"has-text-align-center\"> <a href=\"https:\/\/photos.app.goo.gl\/3Gq3hxumj2pUbSy2A\"><img loading=\"lazy\" decoding=\"async\" width=\"150\" height=\"59\" class=\"wp-image-442\" style=\"width: 150px;\" src=\"https:\/\/www.kusysuchan.pl\/wp-content\/uploads\/2025\/01\/5floorballcup.jpg\" alt=\"\" srcset=\"https:\/\/www.kusysuchan.pl\/wp-content\/uploads\/2025\/01\/5floorballcup.jpg 800w, https:\/\/www.kusysuchan.pl\/wp-content\/uploads\/2025\/01\/5floorballcup-300x119.jpg 300w, https:\/\/www.kusysuchan.pl\/wp-content\/uploads\/2025\/01\/5floorballcup-768x304.jpg 768w\" sizes=\"auto, (max-width: 150px) 100vw, 150px\" \/><br><strong>V Sucha\u0144 Floorball Cup [klik]<\/strong><\/a><\/p>\n\n\n\n<p class=\"has-text-align-center\"> <a href=\"https:\/\/photos.app.goo.gl\/ifhP3hTBSmfpfUds7\"><img loading=\"lazy\" decoding=\"async\" width=\"150\" height=\"100\" class=\"wp-image-445\" style=\"width: 150px;\" src=\"https:\/\/www.kusysuchan.pl\/wp-content\/uploads\/2025\/01\/4floorballcup.jpg\" alt=\"\" srcset=\"https:\/\/www.kusysuchan.pl\/wp-content\/uploads\/2025\/01\/4floorballcup.jpg 800w, https:\/\/www.kusysuchan.pl\/wp-content\/uploads\/2025\/01\/4floorballcup-300x200.jpg 300w, https:\/\/www.kusysuchan.pl\/wp-content\/uploads\/2025\/01\/4floorballcup-768x512.jpg 768w\" sizes=\"auto, (max-width: 150px) 100vw, 150px\" \/><br><strong>IV Sucha\u0144 Floorball Cup [klik]<\/strong><\/a><\/p>\n\n\n\n<p class=\"has-text-align-center\"> <a href=\"https:\/\/photos.app.goo.gl\/jexkqdoJq8rx7rHs7\"><img loading=\"lazy\" decoding=\"async\" width=\"150\" height=\"83\" class=\"wp-image-448\" style=\"width: 150px;\" src=\"https:\/\/www.kusysuchan.pl\/wp-content\/uploads\/2025\/01\/3floorballcup.jpg\" alt=\"\" srcset=\"https:\/\/www.kusysuchan.pl\/wp-content\/uploads\/2025\/01\/3floorballcup.jpg 800w, https:\/\/www.kusysuchan.pl\/wp-content\/uploads\/2025\/01\/3floorballcup-300x165.jpg 300w, https:\/\/www.kusysuchan.pl\/wp-content\/uploads\/2025\/01\/3floorballcup-768x422.jpg 768w\" sizes=\"auto, (max-width: 150px) 100vw, 150px\" \/><br><strong>III Sucha\u0144 Floorball Cup [klik]<\/strong><\/a><\/p>\n\n\n\n<p class=\"has-text-align-center\"> <a href=\"https:\/\/photos.app.goo.gl\/e3k4Wsbb8hdngPxRA\"><img loading=\"lazy\" decoding=\"async\" width=\"150\" height=\"75\" class=\"wp-image-452\" style=\"width: 150px;\" src=\"https:\/\/www.kusysuchan.pl\/wp-content\/uploads\/2025\/01\/2floorballcup.jpg\" alt=\"\" srcset=\"https:\/\/www.kusysuchan.pl\/wp-content\/uploads\/2025\/01\/2floorballcup.jpg 800w, https:\/\/www.kusysuchan.pl\/wp-content\/uploads\/2025\/01\/2floorballcup-300x149.jpg 300w, https:\/\/www.kusysuchan.pl\/wp-content\/uploads\/2025\/01\/2floorballcup-768x382.jpg 768w\" sizes=\"auto, (max-width: 150px) 100vw, 150px\" \/><br><strong>II Sucha\u0144 Floorball Cup [klik]<\/strong><\/a><\/p>\n\n\n\n<p class=\"has-text-align-center\"> <a href=\"https:\/\/photos.app.goo.gl\/TibtJ59dCm7EbKRA7\"><img loading=\"lazy\" decoding=\"async\" width=\"150\" height=\"70\" class=\"wp-image-455\" style=\"width: 150px;\" src=\"https:\/\/www.kusysuchan.pl\/wp-content\/uploads\/2025\/01\/1floorballcup.jpg\" alt=\"\" srcset=\"https:\/\/www.kusysuchan.pl\/wp-content\/uploads\/2025\/01\/1floorballcup.jpg 800w, https:\/\/www.kusysuchan.pl\/wp-content\/uploads\/2025\/01\/1floorballcup-300x141.jpg 300w, https:\/\/www.kusysuchan.pl\/wp-content\/uploads\/2025\/01\/1floorballcup-768x360.jpg 768w\" sizes=\"auto, (max-width: 150px) 100vw, 150px\" \/><br><strong>I Sucha\u0144 Floorball Cup [klik]<\/strong><\/a><\/p>\n\n\n\n<p><\/p>\n","protected":false},"excerpt":{"rendered":"<p>VI Sucha\u0144 Floorball Cup [klik] V Sucha\u0144 Floorball Cup [klik] IV Sucha\u0144 Floorball Cup [klik] III Sucha\u0144 Floorball Cup [klik] II Sucha\u0144 Floorball Cup [klik] I Sucha\u0144 Floorball Cup [klik]<\/p>\n","protected":false},"author":1,"featured_media":0,"parent":0,"menu_order":0,"comment_status":"closed","ping_status":"closed","template":"","meta":{"neve_meta_sidebar":"","neve_meta_container":"","neve_meta_enable_content_width":"","neve_meta_content_width":0,"neve_meta_title_alignment":"","neve_meta_author_avatar":"","neve_post_elements_order":"","neve_meta_disable_header":"","neve_meta_disable_footer":"","neve_meta_disable_title":"","footnotes":""},"class_list":["post-390","page","type-page","status-publish","hentry"],"_links":{"self":[{"href":"https:\/\/www.kusysuchan.pl\/index.php\/wp-json\/wp\/v2\/pages\/390","targetHints":{"allow":["GET"]}}],"collection":[{"href":"https:\/\/www.kusysuchan.pl\/index.php\/wp-json\/wp\/v2\/pages"}],"about":[{"href":"https:\/\/www.kusysuchan.pl\/index.php\/wp-json\/wp\/v2\/types\/page"}],"author":[{"embeddable":true,"href":"https:\/\/www.kusysuchan.pl\/index.php\/wp-json\/wp\/v2\/users\/1"}],"replies":[{"embeddable":true,"href":"https:\/\/www.kusysuchan.pl\/index.php\/wp-json\/wp\/v2\/comments?post=390"}],"version-history":[{"count":12,"href":"https:\/\/www.kusysuchan.pl\/index.php\/wp-json\/wp\/v2\/pages\/390\/revisions"}],"predecessor-version":[{"id":686,"href":"https:\/\/www.kusysuchan.pl\/index.php\/wp-json\/wp\/v2\/pages\/390\/revisions\/686"}],"wp:attachment":[{"href":"https:\/\/www.kusysuchan.pl\/index.php\/wp-json\/wp\/v2\/media?parent=390"}],"curies":[{"name":"wp","href":"https:\/\/api.w.org\/{rel}","templated":true}]}}