{"id":387,"date":"2025-01-05T15:49:13","date_gmt":"2025-01-05T15:49:13","guid":{"rendered":"https:\/\/www.kusysuchan.pl\/?page_id=387"},"modified":"2026-01-08T19:30:48","modified_gmt":"2026-01-08T19:30:48","slug":"najwieksze-sukcesy","status":"publish","type":"page","link":"https:\/\/www.kusysuchan.pl\/index.php\/najwieksze-sukcesy\/","title":{"rendered":"Najwi\u0119ksze sukcesy"},"content":{"rendered":"\n<p class=\"has-text-align-center\"><img loading=\"lazy\" decoding=\"async\" width=\"150\" height=\"100\" class=\"wp-image-658\" style=\"width: 150px;\" src=\"https:\/\/www.kusysuchan.pl\/wp-content\/uploads\/2026\/01\/image-e1767721109377.png\" alt=\"\"><br><a href=\"https:\/\/www.kusysuchan.pl\/index.php\/2025\/04\/02\/srebrne-medale-naszej-druzyny\/\"><strong>Srebrny medal w Finale Wojew\u00f3dzkim Igrzysk M\u0142odzie\u017cy Szkolnej w Unihokeju Dziewcz\u0105t<\/strong><br><strong>Bierzwnik, 02 kwietnia 2025r.<br>[klik]<\/strong><\/a><\/p>\n\n\n\n<p class=\"has-text-align-center\"><img loading=\"lazy\" decoding=\"async\" width=\"150\" height=\"113\" class=\"wp-image-556\" style=\"width: 150px;\" src=\"https:\/\/www.kusysuchan.pl\/wp-content\/uploads\/2025\/04\/mlodsze4wwojewodztwie.jpg\" alt=\"\" srcset=\"https:\/\/www.kusysuchan.pl\/wp-content\/uploads\/2025\/04\/mlodsze4wwojewodztwie.jpg 993w, https:\/\/www.kusysuchan.pl\/wp-content\/uploads\/2025\/04\/mlodsze4wwojewodztwie-300x227.jpg 300w, https:\/\/www.kusysuchan.pl\/wp-content\/uploads\/2025\/04\/mlodsze4wwojewodztwie-768x580.jpg 768w\" sizes=\"auto, (max-width: 150px) 100vw, 150px\" \/><br><strong><a href=\"https:\/\/www.kusysuchan.pl\/index.php\/2025\/03\/31\/sp-1-trzebiatow-wygrywa-w-suchaniu\/\">IV miejsce w Finale Wojew\u00f3dzkim Igrzysk Dzieci w Unihokeju Dziewcz\u0105t<br>Sucha\u0144, 31 marca 2025r.<br>[klik]<\/a><\/strong><br><\/p>\n\n\n\n<p class=\"has-text-align-center\"><a href=\"https:\/\/photos.app.goo.gl\/wTueLiUaXJAxWtzJ7\"><strong> <img loading=\"lazy\" decoding=\"async\" width=\"150\" height=\"113\" class=\"wp-image-416\" style=\"width: 150px;\" src=\"https:\/\/www.kusysuchan.pl\/wp-content\/uploads\/2025\/01\/IIwojewtrzebiat2021.jpg\" alt=\"\" srcset=\"https:\/\/www.kusysuchan.pl\/wp-content\/uploads\/2025\/01\/IIwojewtrzebiat2021.jpg 640w, https:\/\/www.kusysuchan.pl\/wp-content\/uploads\/2025\/01\/IIwojewtrzebiat2021-300x225.jpg 300w\" sizes=\"auto, (max-width: 150px) 100vw, 150px\" \/><br>II miejsce w Mistrzostwach Wojew\u00f3dztwa Zachodniopomorskiego w Unihokeju Dziewcz\u0105t w ramach Igrzysk Dzieci<\/strong><br><strong>Mrze\u017cyno, 16 grudnia 2021r.<br>[klik]<\/strong><\/a><\/p>\n\n\n\n<p class=\"has-text-align-center\"><a href=\"https:\/\/photos.app.goo.gl\/QqE2C9mrjuyfTMKk6\"> <img loading=\"lazy\" decoding=\"async\" width=\"150\" height=\"113\" class=\"wp-image-435\" style=\"width: 150px;\" src=\"https:\/\/www.kusysuchan.pl\/wp-content\/uploads\/2025\/01\/4wwojewwierzchowo.jpg\" alt=\"\" srcset=\"https:\/\/www.kusysuchan.pl\/wp-content\/uploads\/2025\/01\/4wwojewwierzchowo.jpg 640w, https:\/\/www.kusysuchan.pl\/wp-content\/uploads\/2025\/01\/4wwojewwierzchowo-300x225.jpg 300w\" sizes=\"auto, (max-width: 150px) 100vw, 150px\" \/><br><strong>IV miejsce w Mistrzostwach Wojew\u00f3dztwa Zachodniopomorskiego w Unihokeju Dziewcz\u0105t w ramach Igrzysk M\u0142odzie\u017cy Szkolnej<br>Wierzchowo, 13 grudnia 2018r.<br>[klik]<\/strong><\/a><\/p>\n\n\n\n<p class=\"has-text-align-center\"> <a href=\"https:\/\/goo.gl\/photos\/mHehPp8K7deghKTbA\"><img loading=\"lazy\" decoding=\"async\" width=\"150\" height=\"113\" class=\"wp-image-421\" style=\"width: 150px;\" src=\"https:\/\/www.kusysuchan.pl\/wp-content\/uploads\/2025\/01\/IIIwwojewbrazmrzezyno.jpg\" alt=\"\" srcset=\"https:\/\/www.kusysuchan.pl\/wp-content\/uploads\/2025\/01\/IIIwwojewbrazmrzezyno.jpg 640w, https:\/\/www.kusysuchan.pl\/wp-content\/uploads\/2025\/01\/IIIwwojewbrazmrzezyno-300x225.jpg 300w\" sizes=\"auto, (max-width: 150px) 100vw, 150px\" \/><br><strong>III miejsce w Mistrzostwach Wojew\u00f3dztwa Zachodniopomorskiego w Unihokeju Dziewcz\u0105t w ramach Gimnazjady<br>Mrze\u017cyno, 18 maja 2016r.<br>[klik]<\/strong><\/a><\/p>\n\n\n\n<p class=\"has-text-align-center\"> <a href=\"https:\/\/photos.app.goo.gl\/kZPvAp8MzAKsJSaF9\"><img loading=\"lazy\" decoding=\"async\" width=\"150\" height=\"113\" class=\"wp-image-430\" style=\"width: 150px;\" src=\"https:\/\/www.kusysuchan.pl\/wp-content\/uploads\/2025\/01\/5miejscemrzezyno.jpg\" alt=\"\" srcset=\"https:\/\/www.kusysuchan.pl\/wp-content\/uploads\/2025\/01\/5miejscemrzezyno.jpg 640w, https:\/\/www.kusysuchan.pl\/wp-content\/uploads\/2025\/01\/5miejscemrzezyno-300x225.jpg 300w\" sizes=\"auto, (max-width: 150px) 100vw, 150px\" \/><br><strong>V miejsce w Mistrzostwach Wojew\u00f3dztwa Zachodniopomorskiego w Unihokeju Dziewcz\u0105t w ramach Gimnazjady<br>Mrze\u017cyno, 09 kwietnia 2015r.<br>[klik]<\/strong><\/a><\/p>\n\n\n\n<p class=\"has-text-align-center\"> <a href=\"https:\/\/photos.app.goo.gl\/1AJ8bCdzvTZm2q9d6\"><img loading=\"lazy\" decoding=\"async\" width=\"150\" height=\"113\" class=\"wp-image-426\" style=\"width: 150px;\" src=\"https:\/\/www.kusysuchan.pl\/wp-content\/uploads\/2025\/01\/ivmiejscewierzchwojewodz.jpg\" alt=\"\" srcset=\"https:\/\/www.kusysuchan.pl\/wp-content\/uploads\/2025\/01\/ivmiejscewierzchwojewodz.jpg 640w, https:\/\/www.kusysuchan.pl\/wp-content\/uploads\/2025\/01\/ivmiejscewierzchwojewodz-300x225.jpg 300w\" sizes=\"auto, (max-width: 150px) 100vw, 150px\" \/><br><strong>IV miejsce w Mistrzostwach Wojew\u00f3dztwa Zachodniopomorskiego w Unihokeju Dziewcz\u0105t w ramach Igrzysk M\u0142odzie\u017cy Szkolnej<br>Wierzchowo, 11 kwietnia 2012r.<br>[klik]<\/strong><\/a><\/p>\n","protected":false},"excerpt":{"rendered":"<p>Srebrny medal w Finale Wojew\u00f3dzkim Igrzysk M\u0142odzie\u017cy Szkolnej w Unihokeju Dziewcz\u0105tBierzwnik, 02 kwietnia 2025r.[klik] IV miejsce w Finale Wojew\u00f3dzkim Igrzysk Dzieci w Unihokeju Dziewcz\u0105tSucha\u0144, 31 marca 2025r.[klik] II miejsce w Mistrzostwach Wojew\u00f3dztwa Zachodniopomorskiego w Unihokeju Dziewcz\u0105t w ramach Igrzysk DzieciMrze\u017cyno, 16 grudnia 2021r.[klik] IV miejsce w Mistrzostwach Wojew\u00f3dztwa Zachodniopomorskiego w Unihokeju Dziewcz\u0105t w ramach Igrzysk&hellip;&nbsp;<a href=\"https:\/\/www.kusysuchan.pl\/index.php\/najwieksze-sukcesy\/\" rel=\"bookmark\">Dowiedz si\u0119 wi\u0119cej &raquo;<span class=\"screen-reader-text\">Najwi\u0119ksze sukcesy<\/span><\/a><\/p>\n","protected":false},"author":1,"featured_media":0,"parent":0,"menu_order":0,"comment_status":"closed","ping_status":"closed","template":"","meta":{"neve_meta_sidebar":"","neve_meta_container":"","neve_meta_enable_content_width":"","neve_meta_content_width":0,"neve_meta_title_alignment":"","neve_meta_author_avatar":"","neve_post_elements_order":"","neve_meta_disable_header":"","neve_meta_disable_footer":"","neve_meta_disable_title":"","footnotes":""},"class_list":["post-387","page","type-page","status-publish","hentry"],"_links":{"self":[{"href":"https:\/\/www.kusysuchan.pl\/index.php\/wp-json\/wp\/v2\/pages\/387","targetHints":{"allow":["GET"]}}],"collection":[{"href":"https:\/\/www.kusysuchan.pl\/index.php\/wp-json\/wp\/v2\/pages"}],"about":[{"href":"https:\/\/www.kusysuchan.pl\/index.php\/wp-json\/wp\/v2\/types\/page"}],"author":[{"embeddable":true,"href":"https:\/\/www.kusysuchan.pl\/index.php\/wp-json\/wp\/v2\/users\/1"}],"replies":[{"embeddable":true,"href":"https:\/\/www.kusysuchan.pl\/index.php\/wp-json\/wp\/v2\/comments?post=387"}],"version-history":[{"count":21,"href":"https:\/\/www.kusysuchan.pl\/index.php\/wp-json\/wp\/v2\/pages\/387\/revisions"}],"predecessor-version":[{"id":671,"href":"https:\/\/www.kusysuchan.pl\/index.php\/wp-json\/wp\/v2\/pages\/387\/revisions\/671"}],"wp:attachment":[{"href":"https:\/\/www.kusysuchan.pl\/index.php\/wp-json\/wp\/v2\/media?parent=387"}],"curies":[{"name":"wp","href":"https:\/\/api.w.org\/{rel}","templated":true}]}}