{"id":364,"date":"2025-01-04T21:55:04","date_gmt":"2025-01-04T21:55:04","guid":{"rendered":"https:\/\/www.kusysuchan.pl\/?page_id=364"},"modified":"2025-01-04T22:04:15","modified_gmt":"2025-01-04T22:04:15","slug":"lekkoatletyczne-rekordy","status":"publish","type":"page","link":"https:\/\/www.kusysuchan.pl\/index.php\/lekkoatletyczne-rekordy\/","title":{"rendered":"Lekkoatletyczne rekordy"},"content":{"rendered":"\n<p class=\"has-text-align-center\"> <img loading=\"lazy\" decoding=\"async\" width=\"150\" height=\"151\" class=\"wp-image-340\" style=\"width: 150px;\" src=\"https:\/\/www.kusysuchan.pl\/wp-content\/uploads\/2025\/01\/kusy__logo__herb.jpg\" alt=\"\" srcset=\"https:\/\/www.kusysuchan.pl\/wp-content\/uploads\/2025\/01\/kusy__logo__herb.jpg 1017w, https:\/\/www.kusysuchan.pl\/wp-content\/uploads\/2025\/01\/kusy__logo__herb-298x300.jpg 298w, https:\/\/www.kusysuchan.pl\/wp-content\/uploads\/2025\/01\/kusy__logo__herb-150x150.jpg 150w, https:\/\/www.kusysuchan.pl\/wp-content\/uploads\/2025\/01\/kusy__logo__herb-768x773.jpg 768w\" sizes=\"auto, (max-width: 150px) 100vw, 150px\" \/><\/p>\n\n\n\n<p><a href=\"https:\/\/docs.google.com\/document\/d\/1bAAG8Uxt5V9FTTtlaRCWZBDbOEq90aGLwBAdxVPUPkI\/edit?usp=drive_link\">Najlepsze lekkoatletyczne wyniki uzyskane przez naszych uczni\u00f3w od pocz\u0105tku istnienia Szko\u0142y Podstawowej im. Janusza Kusoci\u0144skiego w Suchaniu [klik].<\/a><\/p>\n","protected":false},"excerpt":{"rendered":"<p>Najlepsze lekkoatletyczne wyniki uzyskane przez naszych uczni\u00f3w od pocz\u0105tku istnienia Szko\u0142y Podstawowej im. Janusza Kusoci\u0144skiego w Suchaniu [klik].<\/p>\n","protected":false},"author":1,"featured_media":0,"parent":0,"menu_order":0,"comment_status":"closed","ping_status":"closed","template":"","meta":{"neve_meta_sidebar":"","neve_meta_container":"","neve_meta_enable_content_width":"","neve_meta_content_width":0,"neve_meta_title_alignment":"","neve_meta_author_avatar":"","neve_post_elements_order":"","neve_meta_disable_header":"","neve_meta_disable_footer":"","neve_meta_disable_title":"","footnotes":""},"class_list":["post-364","page","type-page","status-publish","hentry"],"_links":{"self":[{"href":"https:\/\/www.kusysuchan.pl\/index.php\/wp-json\/wp\/v2\/pages\/364","targetHints":{"allow":["GET"]}}],"collection":[{"href":"https:\/\/www.kusysuchan.pl\/index.php\/wp-json\/wp\/v2\/pages"}],"about":[{"href":"https:\/\/www.kusysuchan.pl\/index.php\/wp-json\/wp\/v2\/types\/page"}],"author":[{"embeddable":true,"href":"https:\/\/www.kusysuchan.pl\/index.php\/wp-json\/wp\/v2\/users\/1"}],"replies":[{"embeddable":true,"href":"https:\/\/www.kusysuchan.pl\/index.php\/wp-json\/wp\/v2\/comments?post=364"}],"version-history":[{"count":3,"href":"https:\/\/www.kusysuchan.pl\/index.php\/wp-json\/wp\/v2\/pages\/364\/revisions"}],"predecessor-version":[{"id":369,"href":"https:\/\/www.kusysuchan.pl\/index.php\/wp-json\/wp\/v2\/pages\/364\/revisions\/369"}],"wp:attachment":[{"href":"https:\/\/www.kusysuchan.pl\/index.php\/wp-json\/wp\/v2\/media?parent=364"}],"curies":[{"name":"wp","href":"https:\/\/api.w.org\/{rel}","templated":true}]}}