{"id":231,"date":"2025-01-02T16:35:31","date_gmt":"2025-01-02T16:35:31","guid":{"rendered":"https:\/\/www.kusysuchan.pl\/?page_id=231"},"modified":"2025-01-05T15:21:31","modified_gmt":"2025-01-05T15:21:31","slug":"przydatne-strony","status":"publish","type":"page","link":"https:\/\/www.kusysuchan.pl\/index.php\/przydatne-strony\/","title":{"rendered":"Przydatne strony"},"content":{"rendered":"\n<p class=\"has-text-align-center\"> <a href=\"https:\/\/spsusuchan.edupage.org\/\"><img loading=\"lazy\" decoding=\"async\" width=\"150\" height=\"106\" class=\"wp-image-381\" style=\"width: 150px;\" src=\"https:\/\/www.kusysuchan.pl\/wp-content\/uploads\/2025\/01\/suchanszkola.jpg\" alt=\"\" srcset=\"https:\/\/www.kusysuchan.pl\/wp-content\/uploads\/2025\/01\/suchanszkola.jpg 532w, https:\/\/www.kusysuchan.pl\/wp-content\/uploads\/2025\/01\/suchanszkola-300x212.jpg 300w\" sizes=\"auto, (max-width: 150px) 100vw, 150px\" \/><br>Szko\u0142a Podstawowa im. Janusza Kusoci\u0144skiego w Suchaniu<\/a><\/p>\n\n\n\n<p class=\"has-text-align-center\"> <a href=\"https:\/\/suchan.pl\/\"><img loading=\"lazy\" decoding=\"async\" width=\"150\" height=\"94\" class=\"wp-image-383\" style=\"width: 150px;\" src=\"https:\/\/www.kusysuchan.pl\/wp-content\/uploads\/2025\/01\/suchangmina.jpg\" alt=\"\" srcset=\"https:\/\/www.kusysuchan.pl\/wp-content\/uploads\/2025\/01\/suchangmina.jpg 752w, https:\/\/www.kusysuchan.pl\/wp-content\/uploads\/2025\/01\/suchangmina-300x188.jpg 300w\" sizes=\"auto, (max-width: 150px) 100vw, 150px\" \/><br>Gmina Sucha\u0144<\/a><\/p>\n","protected":false},"excerpt":{"rendered":"<p>Szko\u0142a Podstawowa im. Janusza Kusoci\u0144skiego w Suchaniu Gmina Sucha\u0144<\/p>\n","protected":false},"author":1,"featured_media":0,"parent":0,"menu_order":0,"comment_status":"closed","ping_status":"closed","template":"","meta":{"neve_meta_sidebar":"","neve_meta_container":"","neve_meta_enable_content_width":"","neve_meta_content_width":0,"neve_meta_title_alignment":"","neve_meta_author_avatar":"","neve_post_elements_order":"","neve_meta_disable_header":"","neve_meta_disable_footer":"","neve_meta_disable_title":"","footnotes":""},"class_list":["post-231","page","type-page","status-publish","hentry"],"_links":{"self":[{"href":"https:\/\/www.kusysuchan.pl\/index.php\/wp-json\/wp\/v2\/pages\/231","targetHints":{"allow":["GET"]}}],"collection":[{"href":"https:\/\/www.kusysuchan.pl\/index.php\/wp-json\/wp\/v2\/pages"}],"about":[{"href":"https:\/\/www.kusysuchan.pl\/index.php\/wp-json\/wp\/v2\/types\/page"}],"author":[{"embeddable":true,"href":"https:\/\/www.kusysuchan.pl\/index.php\/wp-json\/wp\/v2\/users\/1"}],"replies":[{"embeddable":true,"href":"https:\/\/www.kusysuchan.pl\/index.php\/wp-json\/wp\/v2\/comments?post=231"}],"version-history":[{"count":2,"href":"https:\/\/www.kusysuchan.pl\/index.php\/wp-json\/wp\/v2\/pages\/231\/revisions"}],"predecessor-version":[{"id":384,"href":"https:\/\/www.kusysuchan.pl\/index.php\/wp-json\/wp\/v2\/pages\/231\/revisions\/384"}],"wp:attachment":[{"href":"https:\/\/www.kusysuchan.pl\/index.php\/wp-json\/wp\/v2\/media?parent=231"}],"curies":[{"name":"wp","href":"https:\/\/api.w.org\/{rel}","templated":true}]}}