{"id":126,"date":"2024-12-29T18:01:28","date_gmt":"2024-12-29T18:01:28","guid":{"rendered":"https:\/\/www.kusysuchan.pl\/?page_id=126"},"modified":"2025-01-04T20:26:18","modified_gmt":"2025-01-04T20:26:18","slug":"klub","status":"publish","type":"page","link":"https:\/\/www.kusysuchan.pl\/index.php\/klub\/","title":{"rendered":"Klub"},"content":{"rendered":"\n<p><\/p>\n\n\n\n<p class=\"has-text-align-center\"> <img loading=\"lazy\" decoding=\"async\" width=\"150\" height=\"151\" class=\"wp-image-340\" style=\"width: 150px;\" src=\"https:\/\/www.kusysuchan.pl\/wp-content\/uploads\/2025\/01\/kusy__logo__herb.jpg\" alt=\"\" srcset=\"https:\/\/www.kusysuchan.pl\/wp-content\/uploads\/2025\/01\/kusy__logo__herb.jpg 1017w, https:\/\/www.kusysuchan.pl\/wp-content\/uploads\/2025\/01\/kusy__logo__herb-298x300.jpg 298w, https:\/\/www.kusysuchan.pl\/wp-content\/uploads\/2025\/01\/kusy__logo__herb-150x150.jpg 150w, https:\/\/www.kusysuchan.pl\/wp-content\/uploads\/2025\/01\/kusy__logo__herb-768x773.jpg 768w\" sizes=\"auto, (max-width: 150px) 100vw, 150px\" \/><\/p>\n\n\n\n<p class=\"has-text-align-left\"><strong><mark style=\"background-color:rgba(0, 0, 0, 0)\" class=\"has-inline-color has-neve-link-hover-color-color\">Ludowy Uczniowski Klub Sportowy &#8222;Kusy&#8221;<\/mark><\/strong> powsta\u0142 w Szkole Podstawowej im. Janusza Kusoci\u0144skiego w Suchaniu w dniu 04 stycznia 1999 r. Za\u0142o\u017cycielami Klubu byli nauczyciele wychowania fizycznego: Ryszard Sorokin, Marek Sawczuk i Roman Haczyk. <br>Zarz\u0105d Ludowego Uczniowskiego Klubu Sportowego <strong>&#8222;Kusy&#8221;<\/strong> wybrany w dniu 21 listopada 2024 r. na dwuletni\u0105 kadencj\u0119:<br><strong>Marek Sawczuk<\/strong> &#8211; prezes, <strong>Roman Haczyk<\/strong> &#8211; sekretarz, <strong>Mieczys\u0142aw Banasiak<\/strong> &#8211; cz\u0142onek zarz\u0105du. Komisja rewizyjna: <strong>Gra\u017cyna Barszcz<\/strong> &#8211; przewodnicz\u0105ca, <strong>Jolanta Banasiak<\/strong> &#8211; sekretarz, <strong>Wies\u0142awa Bardzi\u0144ska<\/strong> &#8211; cz\u0142onek.<\/p>\n\n\n\n<p>Klub jest uj\u0119ty w Ewidencji Klub\u00f3w i Stowarzysze\u0144 Sportowych dzia\u0142aj\u0105cych na terenie Powiatu Stargardzkiego pod pozycj\u0105 <strong>008\/UKS\/06<\/strong>.<\/p>\n\n\n\n<p>Klub od wielu lat w\u0142\u0105cza si\u0119 w realizacj\u0119 zada\u0144 publicznych finansowanych ze \u015brodk\u00f3w otrzymanych od <strong>Gminy Sucha\u0144<\/strong>. W 2024 roku Klub realizowa\u0142 zadanie: <strong><em>Prowadzenie zaj\u0119\u0107 sportowo-rekreacyjnych i szkoleniowych. Organizacja i udzia\u0142 w imprezach sportowych dzieci w wieku szkolnym w zakresie lekkiej atletyki, pi\u0142ki no\u017cnej i unihokeja<\/em><\/strong>.<\/p>\n\n\n\n<p class=\"has-text-align-center\"><strong><mark style=\"background-color:rgba(0, 0, 0, 0)\" class=\"has-inline-color has-neve-link-hover-color-color\">REGON LUKS &#8222;Kusy&#8221;: 812409634<br>NIP LUKS &#8222;Kusy&#8221;: 8542138673<br>Nr konta LUKS &#8222;Kusy&#8221;: 60 9387 1042 4206 2617 2000 0020<\/mark><\/strong><\/p>\n\n\n\n<p><br><br><\/p>\n\n\n\n<p><\/p>\n","protected":false},"excerpt":{"rendered":"<p>Ludowy Uczniowski Klub Sportowy &#8222;Kusy&#8221; powsta\u0142 w Szkole Podstawowej im. Janusza Kusoci\u0144skiego w Suchaniu w dniu 04 stycznia 1999 r. Za\u0142o\u017cycielami Klubu byli nauczyciele wychowania fizycznego: Ryszard Sorokin, Marek Sawczuk i Roman Haczyk. Zarz\u0105d Ludowego Uczniowskiego Klubu Sportowego &#8222;Kusy&#8221; wybrany w dniu 21 listopada 2024 r. na dwuletni\u0105 kadencj\u0119:Marek Sawczuk &#8211; prezes, Roman Haczyk &#8211;&hellip;&nbsp;<a href=\"https:\/\/www.kusysuchan.pl\/index.php\/klub\/\" rel=\"bookmark\">Dowiedz si\u0119 wi\u0119cej &raquo;<span class=\"screen-reader-text\">Klub<\/span><\/a><\/p>\n","protected":false},"author":1,"featured_media":0,"parent":0,"menu_order":0,"comment_status":"closed","ping_status":"closed","template":"","meta":{"neve_meta_sidebar":"","neve_meta_container":"","neve_meta_enable_content_width":"","neve_meta_content_width":0,"neve_meta_title_alignment":"left","neve_meta_author_avatar":"","neve_post_elements_order":"","neve_meta_disable_header":"off","neve_meta_disable_footer":"","neve_meta_disable_title":"off","footnotes":""},"class_list":["post-126","page","type-page","status-publish","hentry"],"_links":{"self":[{"href":"https:\/\/www.kusysuchan.pl\/index.php\/wp-json\/wp\/v2\/pages\/126","targetHints":{"allow":["GET"]}}],"collection":[{"href":"https:\/\/www.kusysuchan.pl\/index.php\/wp-json\/wp\/v2\/pages"}],"about":[{"href":"https:\/\/www.kusysuchan.pl\/index.php\/wp-json\/wp\/v2\/types\/page"}],"author":[{"embeddable":true,"href":"https:\/\/www.kusysuchan.pl\/index.php\/wp-json\/wp\/v2\/users\/1"}],"replies":[{"embeddable":true,"href":"https:\/\/www.kusysuchan.pl\/index.php\/wp-json\/wp\/v2\/comments?post=126"}],"version-history":[{"count":6,"href":"https:\/\/www.kusysuchan.pl\/index.php\/wp-json\/wp\/v2\/pages\/126\/revisions"}],"predecessor-version":[{"id":341,"href":"https:\/\/www.kusysuchan.pl\/index.php\/wp-json\/wp\/v2\/pages\/126\/revisions\/341"}],"wp:attachment":[{"href":"https:\/\/www.kusysuchan.pl\/index.php\/wp-json\/wp\/v2\/media?parent=126"}],"curies":[{"name":"wp","href":"https:\/\/api.w.org\/{rel}","templated":true}]}}